{"id":283,"date":"2022-07-25T14:52:42","date_gmt":"2022-07-25T12:52:42","guid":{"rendered":"https:\/\/fm2023.isp.uni-luebeck.de\/?page_id=283"},"modified":"2022-08-02T15:15:51","modified_gmt":"2022-08-02T13:15:51","slug":"venue","status":"publish","type":"page","link":"https:\/\/fm2023.isp.uni-luebeck.de\/index.php\/venue\/","title":{"rendered":"Venue"},"content":{"rendered":"\n<p>The Venue FM\u201923 will take place at the University of L\u00fcbeck from March 6th to 10th 2023 in L\u00fcbeck, Germany.<\/p>\n\n\n\n<figure class=\"wp-block-image size-full\"><img loading=\"lazy\" decoding=\"async\" width=\"2081\" height=\"1561\" src=\"https:\/\/fm2023.isp.uni-luebeck.de\/wp-content\/uploads\/2022\/07\/uni-Luebeck.jpg\" alt=\"\" class=\"wp-image-285\"\/><\/figure>\n\n\n\n<p style=\"font-size:25px\"><strong>L\u00fcbeck<\/strong><\/p>\n\n\n\n<p>The \u201eNordic beauty\u201c L\u00fcbeck is a city located in Northern Germany in the Hamburg Metropolitan Region and, with around 217,000 inhabitants, it is the second-largest city on the German Baltic Coast. L\u00fcbeck is famous for its remarkable Old Town Island, which is Germany\u2019s most extensive UNESCO World Heritage Site with numerous historical red brickwork monuments and buildings.<\/p>\n\n\n\n<p style=\"font-size:25px\"><strong>University of L\u00fcbeck<\/strong><\/p>\n\n\n\n<p>The University of L\u00fcbeck is a top-ranked university with more than 5.000 students and employing around 2,500 people. It has a research and teaching focus on life sciences, especially medicine and informatics. As the conference time is after the teaching period, we can make use of the modern facilities in the Audimax building, situated centrally in the university campus, which can be easily reached from L\u00fcbeck\u2019s historic district.<\/p>\n\n\n\n<figure class=\"wp-block-image size-full\"><img loading=\"lazy\" decoding=\"async\" width=\"1481\" height=\"1111\" src=\"https:\/\/fm2023.isp.uni-luebeck.de\/wp-content\/uploads\/2022\/07\/audimax-aussen.jpg\" alt=\"\" class=\"wp-image-286\"\/><\/figure>\n\n\n\n<p style=\"font-size:25px\"><strong>Spaces<\/strong><\/p>\n\n\n\n<p>The Audimax provides state-of-the-art auditoriums and meeting rooms of different capacities. The spacious foyer is a perfect location for coffee breaks, receptions and exhibitions. The main auditorium (AM 1) has a capacity of over 450 participants and is equipped with state of the art sound, light and media technology.<\/p>\n\n\n\n<figure class=\"wp-block-image size-full\"><img loading=\"lazy\" decoding=\"async\" width=\"3878\" height=\"2585\" src=\"https:\/\/fm2023.isp.uni-luebeck.de\/wp-content\/uploads\/2022\/07\/audimax-innen.jpg\" alt=\"\" class=\"wp-image-287\"\/><\/figure>\n\n\n\n<p style=\"font-size:25px\"><strong>Accommodations<\/strong><\/p>\n\n\n\n<p>As L\u00fcbeck is a popular travel destination, there are many hotels of all price classes. Most of them are located in the beautiful old town (downtown) of L\u00fcbeck, which is approx. 15 min by bus from the campus, and downtown is the preferable place to stay. Nevertheless, there are some options also close to the campus. Moreover, L\u00fcbeck offers a great variety of (shared) apartments located in downtown which can also be booked via Booking.com or AirBnB. Some hotels are listed below:<\/p>\n\n\n\n<figure class=\"wp-block-table is-style-stripes\"><table><tbody><tr><td><strong>Hotel Name<\/strong><\/td><td><strong>Price<\/strong><\/td><td><strong>Comments<\/strong><\/td><td><strong>Distance from<\/strong> <strong>venue by bus:<\/strong><\/td><\/tr><tr><td><strong>On Campus<\/strong><\/td><td><strong>&nbsp;<\/strong><\/td><\/tr><tr><td><a href=\"http:\/\/www.altes-zollhaus-luebeck.de\/\">Altes Zollhaus beim Klinikum<\/a><\/td><td>\u20ac\u20ac<\/td><td>About 5 min. by foot from the venue.<\/td><td>&nbsp;<\/td><\/tr><tr><td><a href=\"https:\/\/www.hotel-ideal.de\/\">Hotel Ideal<\/a><\/td><td>\u20ac\u20ac<\/td><td>About 18 min. by foot.<\/td><td>12 min.<\/td><\/tr><tr><td><strong>Down Town<\/strong><\/td><td><\/td><td><\/td><td><\/td><\/tr><tr><td><a href=\"https:\/\/muehlenteich.com\/\">Hotel am M\u00fchlenteich<\/a><\/td><td>\u20ac\u20ac<\/td><td>Old Town Island, very good bus connection<\/td><td>12 min.<\/td><\/tr><tr><td><a href=\"https:\/\/all.accor.com\/ssr\/app\/ibis\/hotels\/lubeck-germany\/index.de.shtml?compositions=1&amp;stayplus=false&amp;snu=false&amp;utm_term=mar&amp;gclid=CjwKCAjwlqOXBhBqEiwA-hhitJY_HiqAZCHioo-EMQaz8r_BUN6zLMS-WPTkncWrjChIsaLNTLEJPRoCmHgQAvD_BwE&amp;utm_campaign=ppc-ibb-mar-goo-de-de-dom_top-mix-se&amp;utm_medium=cpc&amp;utm_source=google&amp;utm_content=de-de-DE-V2379\">Ibis Budget Luebeck City Sued<\/a><\/td><td>\u20ac<\/td><td>One of the closest hotels to venue<\/td><td>12 min.<\/td><\/tr><tr><td><a href=\"https:\/\/hotel-excellent.de\/\">Hotel Excellent<\/a><\/td><td>\u20ac\u20ac-\u20ac\u20ac\u20ac<\/td><td>At the M\u00fchlenteich on Old Town Island, very good bus connection<\/td><td>13 min.<\/td><\/tr><tr><td><a href=\"http:\/\/hotel-zur-alten-stadtmauer.schleswigholstein.org\/de\/\">Hotel zur alten Stadtmauer<\/a><\/td><td>\u20ac\u20ac<\/td><td>In the Old Town, nice and calm<\/td><td>14 min.<\/td><\/tr><tr><td><a href=\"https:\/\/www.traveller-hotel.de\/\">Traveller Hotel<\/a><\/td><td>\u20ac<\/td><td>Good price-performance ratio<\/td><td>14 min.<\/td><\/tr><tr><td><a href=\"https:\/\/www.atlantic-hotels.de\/hotel-luebeck\/\">Atlantic Hotel L\u00fcbeck<\/a><\/td><td>\u20ac\u20ac\u20ac<\/td><td>Old Town Island, Highspeed-Wlan<\/td><td>17 min.<\/td><\/tr><tr><td><a href=\"https:\/\/www.motel-one.com\/de\/hotels\/luebeck\/hotel-luebeck\/?gclid=CjwKCAjwlqOXBhBqEiwA-hhitPxBwfeTpsnxfgeQmrQBpnbFa8xn6Bk98otgCTH5GWr1TX7Xz-hkIxoC9akQAvD_BwE\">Motel One L\u00fcbeck<\/a><\/td><td>\u20ac\u20ac<\/td><td>Absolutely centrally located, stylish<\/td><td>18 min.<\/td><\/tr><tr><td><a href=\"https:\/\/the.niu.de\/hotels\/deutschland\/luebeck\/the-niu-rig?gclid=CjwKCAjwlqOXBhBqEiwA-hhitAhwzf5Je4HFHTR1uBEREjwgetW6PM_lSZhsf6S5Y-g6hBTQ1vCYBhoCrPEQAvD_BwE\">the niu Rig<\/a><\/td><td>\u20ac\u20ac<\/td><td>Modern, trendy, close to railway station, which is 1.2 km from the center<\/td><td>18 min.<\/td><\/tr><tr><td><a href=\"https:\/\/www.h-hotels.com\/de\/hplus\/hotels\/hplus-hotel-luebeck?utm_source=yext&amp;utm_medium=listing\">H+ Hotel L\u00fcbeck<\/a><\/td><td>\u20ac\u20ac\u20ac<\/td><td>Near railway station, modern&nbsp;<\/td><td>19 min.<\/td><\/tr><tr><td><a href=\"https:\/\/all.accor.com\/hotel\/B740\/index.de.shtml?utm_campaign=seo+maps&amp;utm_medium=seo+maps&amp;utm_source=google+Maps\">Mercure Hotel L\u00fcbeck City Center<\/a><\/td><td>\u20ac\u20ac<\/td><td>Close to railway station, with soundproof rooms<\/td><td>19 min.<\/td><\/tr><tr><td><a href=\"https:\/\/www.hotel-am-dom.eu\/\">CVJM am Dom<\/a><\/td><td>\u20ac<\/td><td>Good price-perfomance ratio, calm<\/td><td>19 min.<\/td><\/tr><tr><td><a href=\"https:\/\/www.radissonhotels.com\/en-us\/hotels\/park-inn-luebeck?cid=a:se+b:gmb+c:emea+i:local+e:pii+d:cese+h:DELBC1\">Park Inn by Radisson<\/a><\/td><td>\u20ac\u20ac<\/td><td>Close to city center<\/td><td>23 min.<\/td><\/tr><tr><td><a href=\"https:\/\/www.radissonhotels.com\/en-us\/hotels\/radisson-blu-luebeck?cid=a:se+b:gmb+c:emea+i:local+e:rdb+d:cese+h:DELBCSEN\">Radisson Blue Senator Hotel<\/a><\/td><td>\u20ac\u20ac\u20ac<\/td><td>Located directly along the river Trave, close to city center<\/td><td>24 min.<\/td><\/tr><tr><td><a href=\"https:\/\/www.4jahreszeiten-luebeck.de\/?utm_source=mybusiness&amp;utm_medium=organic&amp;utm_campaign=mybusiness&amp;utm_content=website\">Hotel Vier Jahreszeiten L\u00fcbeck<\/a><\/td><td>\u20ac\u20ac<\/td><td>15 min. by bus to city center, roof restaurant with panoramic city view<\/td><td>27 min.<\/td><\/tr><tr><td><a href=\"https:\/\/www.ihg.com\/holidayinn\/hotels\/gb\/en\/lubeck\/lbcge\/hoteldetail?cm_mmc=GoogleMaps-_-HI-_-DE-_-LBCGE\">Holiday Inn<\/a><\/td><td>\u20ac\u20ac<\/td><td>15 min. on foot to city center, bus stop directly in front<\/td><td>27 min.<\/td><\/tr><tr><td><a href=\"https:\/\/www.hotelanno1216.de\/\">Hotel Anno 1216<\/a><\/td><td>\u20ac\u20ac\u20ac\u20ac<\/td><td>Exclusive, class listed monument<\/td><td>25 min.<\/td><\/tr><tr><td><a href=\"https:\/\/sites.google.com\/view\/fishers-loft-hotel\/\">Hotel Fisher\u2019s Loft<\/a><\/td><td>\u20ac\u20ac\u20ac\u20ac<\/td><td>Stylish, historical building, very central<\/td><td>26 min.<\/td><\/tr><\/tbody><\/table><\/figure>\n","protected":false},"excerpt":{"rendered":"<p>The Venue FM\u201923 will take place at the University of L\u00fcbeck from March 6th to 10th 2023 in L\u00fcbeck, Germany. L\u00fcbeck The \u201eNordic beauty\u201c L\u00fcbeck is a city located in Northern Germany in the Hamburg Metropolitan Region and, with around 217,000 inhabitants, it is the second-largest city on the German Baltic Coast. L\u00fcbeck is famous &hellip; <\/p>\n<p class=\"link-more\"><a href=\"https:\/\/fm2023.isp.uni-luebeck.de\/index.php\/venue\/\" class=\"more-link\">Read more<span class=\"screen-reader-text\"> &#8220;Venue&#8221;<\/span><\/a><\/p>\n","protected":false},"author":1,"featured_media":0,"parent":0,"menu_order":0,"comment_status":"closed","ping_status":"closed","template":"","meta":{"footnotes":""},"class_list":["post-283","page","type-page","status-publish","hentry"],"_links":{"self":[{"href":"https:\/\/fm2023.isp.uni-luebeck.de\/index.php\/wp-json\/wp\/v2\/pages\/283","targetHints":{"allow":["GET"]}}],"collection":[{"href":"https:\/\/fm2023.isp.uni-luebeck.de\/index.php\/wp-json\/wp\/v2\/pages"}],"about":[{"href":"https:\/\/fm2023.isp.uni-luebeck.de\/index.php\/wp-json\/wp\/v2\/types\/page"}],"author":[{"embeddable":true,"href":"https:\/\/fm2023.isp.uni-luebeck.de\/index.php\/wp-json\/wp\/v2\/users\/1"}],"replies":[{"embeddable":true,"href":"https:\/\/fm2023.isp.uni-luebeck.de\/index.php\/wp-json\/wp\/v2\/comments?post=283"}],"version-history":[{"count":5,"href":"https:\/\/fm2023.isp.uni-luebeck.de\/index.php\/wp-json\/wp\/v2\/pages\/283\/revisions"}],"predecessor-version":[{"id":300,"href":"https:\/\/fm2023.isp.uni-luebeck.de\/index.php\/wp-json\/wp\/v2\/pages\/283\/revisions\/300"}],"wp:attachment":[{"href":"https:\/\/fm2023.isp.uni-luebeck.de\/index.php\/wp-json\/wp\/v2\/media?parent=283"}],"curies":[{"name":"wp","href":"https:\/\/api.w.org\/{rel}","templated":true}]}}