{"id":77,"date":"2022-03-11T13:01:07","date_gmt":"2022-03-11T12:01:07","guid":{"rendered":"https:\/\/fm2023.isp.uni-luebeck.de\/wordpress\/?page_id=77"},"modified":"2023-03-07T09:45:37","modified_gmt":"2023-03-07T08:45:37","slug":"registration","status":"publish","type":"page","link":"https:\/\/fm2023.isp.uni-luebeck.de\/index.php\/registration\/","title":{"rendered":"Registration"},"content":{"rendered":"\n<p>The registration for FM23 is now open and can be performed&nbsp;<a href=\"https:\/\/express.converia.de\/frontend\/index.php?sub=1012\" data-type=\"URL\" data-id=\"https:\/\/express.converia.de\/frontend\/index.php?sub=1012\">here<\/a>. Please check the following table to identify your preferred package before consulting the registration page. <\/p>\n\n\n\n<p>Note that FM23 organizers also grant <strong><a href=\"https:\/\/fm2023.isp.uni-luebeck.de\/index.php\/scholarships\/\">scholarships<\/a> <\/strong>for (doctoral) students and young researchers to support their participation at the FM Conference in L\u00fcbeck.<\/p>\n\n\n\n<h2 class=\"has-text-align-center wp-block-heading\">REGISTRATION FEES<\/h2>\n\n\n\n<div style=\"height:50px\" aria-hidden=\"true\" class=\"wp-block-spacer\"><\/div>\n\n\n\n<figure class=\"wp-block-image size-full\"><img loading=\"lazy\" decoding=\"async\" width=\"1864\" height=\"1754\" src=\"https:\/\/fm2023.isp.uni-luebeck.de\/wp-content\/uploads\/2023\/02\/Bildschirmfoto-2022-12-12-um-14.57.46.png\" alt=\"\" class=\"wp-image-1075\"\/><\/figure>\n\n\n\n<p>Note that the single event tickets for Industry Day, D-CON, and Friday Workshops do NOT include neither the Welcome Reception on Monday nor the ticket for the Social Event on Wednesday. Moreover, the single event ticket for Monday does only include one ticket for the Welcome Reception.<\/p>\n\n\n\n<p>Additionally, you may purchase extra tickets for the Welcome Reception on March, 6th, and, for the Social Event on March, 8th: <\/p>\n\n\n\n<figure class=\"wp-block-image size-full is-resized\"><img loading=\"lazy\" decoding=\"async\" src=\"https:\/\/fm2023.isp.uni-luebeck.de\/wp-content\/uploads\/2022\/12\/table-prices-1.png\" alt=\"\" class=\"wp-image-790\" width=\"322\" height=\"67\"\/><\/figure>\n\n\n\n<p>Note that early registration ends on February, 1st, 2023.<\/p>\n\n\n\n<div style=\"height:100px\" aria-hidden=\"true\" id=\"scholarships\" class=\"wp-block-spacer\"><\/div>\n\n\n\n<h2 class=\"has-text-align-center wp-block-heading\">SCHOLARSHIPS<\/h2>\n\n\n\n<hr class=\"wp-block-separator has-alpha-channel-opacity\"\/>\n\n\n\n<p>FM23 organizers grant scholarships for (doctoral) students and young researchers to support their participation at the FM Conference in L\u00fcbeck. The scholarship is realized as a free registration <strong>for the whole Conference Week<\/strong>.<br>Preference will be given to students<\/p>\n\n\n\n<ul class=\"wp-block-list\">\n<li>from countries where access to travel funds is difficult<\/li>\n\n\n\n<li>being an author or a co-author of a paper at one of the event of the FM23 week.<\/li>\n<\/ul>\n\n\n\n<p>The deadline for application is <strong>January 1st, 2023<\/strong>. The number of scholarships is limited. Applicants are required to submit short application (max. 1 page) containing:<\/p>\n\n\n\n<ul class=\"wp-block-list\">\n<li>your name, affiliation, your e-mail address,<\/li>\n\n\n\n<li>the name and e-mail address of your supervisor,<\/li>\n\n\n\n<li>in case you have a paper accepted to one of the FM week events, its title and whether you will be presenting the paper yourself or not,<\/li>\n\n\n\n<li>indication what events you are going to attend during FM week,<\/li>\n\n\n\n<li>a short explanation of the reason(s) why funding is required, indicating whether your university is providing any funding for your trip and to what extent, and any specific information useful for assessing your case.<\/li>\n<\/ul>\n\n\n\n<p>Please be considerate, the stipends are meant to enable everyone to come to the conference when their participation is endangered by financial inequalities.<\/p>\n\n\n\n<p>To apply, please send your application with the subject &#8220;FM23 Scholarship&#8221; to:<br><strong>maria.ostanina@isp.uni-luebeck.de<\/strong><br>If your application is accepted, you will receive information needed for free registration. If your application is rejected, you will be able to register at the early-deadline rate until the late deadline. The applicants will be notified not later that on <strong>January 15th 2023<\/strong>.<\/p>\n\n\n\n<div style=\"height:100px\" aria-hidden=\"true\" id=\"venue\" class=\"wp-block-spacer\"><\/div>\n\n\n\n<h2 class=\"has-text-align-center wp-block-heading\">VENUE<\/h2>\n\n\n\n<hr class=\"wp-block-separator has-alpha-channel-opacity\"\/>\n\n\n\n<p>The Venue FM\u201923 will take place at the University of L\u00fcbeck from March 6th to 10th 2023 in L\u00fcbeck, Germany.<\/p>\n\n\n\n<figure class=\"wp-block-image size-full\"><img loading=\"lazy\" decoding=\"async\" width=\"2081\" height=\"1561\" src=\"https:\/\/fm2023.isp.uni-luebeck.de\/wp-content\/uploads\/2022\/07\/uni-Luebeck.jpg\" alt=\"\" class=\"wp-image-285\"\/><\/figure>\n\n\n\n<p style=\"font-size:25px\"><strong>L\u00fcbeck<\/strong><\/p>\n\n\n\n<p>The \u201eNordic beauty\u201c L\u00fcbeck is a city located in Northern Germany in the Hamburg Metropolitan Region and, with around 217,000 inhabitants, it is the second-largest city on the German Baltic Coast. L\u00fcbeck is famous for its remarkable Old Town Island, which is Germany\u2019s most extensive UNESCO World Heritage Site with numerous historical red brickwork monuments and buildings. Find further information about L\u00fcbeck on the <a href=\"https:\/\/www.visit-luebeck.com\">tourist board pages<\/a>. <\/p>\n\n\n\n<iframe loading=\"lazy\" width=\"100%\" height=\"450\" src=\"https:\/\/www.youtube.com\/embed\/bfRK51-c4Ss\" title=\"YouTube video player\" frameborder=\"0\" allow=\"accelerometer; autoplay; clipboard-write; encrypted-media; gyroscope; picture-in-picture; web-share\" allowfullscreen=\"\"><\/iframe>\n\n\n\n<p style=\"font-size:25px\"><strong>University of L\u00fcbeck<\/strong><\/p>\n\n\n\n<p>The University of L\u00fcbeck is a top-ranked university with more than 5.000 students and employing around 2,500 people. It has a research and teaching focus on life sciences, especially medicine and informatics. As the conference time is after the teaching period, we can make use of the modern facilities in the Audimax building, situated centrally in the university campus, which can be easily reached from L\u00fcbeck\u2019s historic district.<\/p>\n\n\n\n<figure class=\"wp-block-image size-full\"><img loading=\"lazy\" decoding=\"async\" width=\"1481\" height=\"1111\" src=\"https:\/\/fm2023.isp.uni-luebeck.de\/wp-content\/uploads\/2022\/07\/audimax-aussen.jpg\" alt=\"\" class=\"wp-image-286\"\/><\/figure>\n\n\n\n<p style=\"font-size:25px\"><strong>Spaces<\/strong><\/p>\n\n\n\n<div data-wp-interactive=\"core\/file\" class=\"wp-block-file\"><object data-wp-bind--hidden=\"!state.hasPdfPreview\" hidden class=\"wp-block-file__embed\" data=\"https:\/\/fm2023.isp.uni-luebeck.de\/wp-content\/uploads\/2023\/03\/Campusplan_2018-1.pdf\" type=\"application\/pdf\" style=\"width:100%;height:600px\" aria-label=\"Embed of Campusplan_2018-1.\"><\/object><a id=\"wp-block-file--media-627d96be-46fe-4821-a65d-191fd7df50ca\" href=\"https:\/\/fm2023.isp.uni-luebeck.de\/wp-content\/uploads\/2023\/03\/Campusplan_2018-1.pdf\">Campusplan_2018-1<\/a><a href=\"https:\/\/fm2023.isp.uni-luebeck.de\/wp-content\/uploads\/2023\/03\/Campusplan_2018-1.pdf\" class=\"wp-block-file__button wp-element-button\" download aria-describedby=\"wp-block-file--media-627d96be-46fe-4821-a65d-191fd7df50ca\">Herunterladen<\/a><\/div>\n\n\n\n<p>The Audimax provides state-of-the-art auditoriums and meeting rooms of different capacities. The spacious foyer is a perfect location for coffee breaks, receptions and exhibitions. The main auditorium (AM 1) has a capacity of over 450 participants and is equipped with state of the art sound, light and media technology.<\/p>\n\n\n\n<figure class=\"wp-block-image size-full\"><img loading=\"lazy\" decoding=\"async\" width=\"3878\" height=\"2585\" src=\"https:\/\/fm2023.isp.uni-luebeck.de\/wp-content\/uploads\/2022\/07\/audimax-innen.jpg\" alt=\"\" class=\"wp-image-287\"\/><\/figure>\n\n\n\n<p style=\"font-size:25px\"><strong>Accommodations<\/strong><\/p>\n\n\n\n<p>As L\u00fcbeck is a popular travel destination, there are many hotels of all price classes. Most of them are located in the beautiful old town (downtown) of L\u00fcbeck, which is approx. 15 min by bus from the campus, and downtown is the preferable place to stay. Nevertheless, there are some options also close to the campus. Moreover, L\u00fcbeck offers a great variety of (shared) apartments located in downtown which can also be booked via Booking.com or AirBnB. Some hotels are listed below:<\/p>\n\n\n\n<figure class=\"wp-block-table is-style-stripes\"><table><tbody><tr><td><strong>Hotel Name<\/strong><\/td><td><strong>Price<\/strong><\/td><td><strong>Comments<\/strong><\/td><td><strong>Distance from<\/strong> <strong>venue by bus:<\/strong><\/td><\/tr><tr><td><strong>On Campus<\/strong><\/td><td><strong>&nbsp;<\/strong><\/td><\/tr><tr><td><a href=\"http:\/\/www.altes-zollhaus-luebeck.de\/\">Altes Zollhaus beim Klinikum<\/a><\/td><td>\u20ac\u20ac<\/td><td>About 5 min. by foot from the venue.<\/td><td>&nbsp;<\/td><\/tr><tr><td><a href=\"https:\/\/www.hotel-ideal.de\/\">Hotel Ideal<\/a><\/td><td>\u20ac\u20ac<\/td><td>About 18 min. by foot.<\/td><td>12 min.<\/td><\/tr><tr><td><strong>Down Town<\/strong><\/td><td><\/td><td><\/td><td><\/td><\/tr><tr><td><a href=\"https:\/\/muehlenteich.com\/\">Hotel am M\u00fchlenteich<\/a><\/td><td>\u20ac\u20ac<\/td><td>Old Town Island, very good bus connection<\/td><td>12 min.<\/td><\/tr><tr><td><a href=\"https:\/\/all.accor.com\/ssr\/app\/ibis\/hotels\/lubeck-germany\/index.de.shtml?compositions=1&amp;stayplus=false&amp;snu=false&amp;utm_term=mar&amp;gclid=CjwKCAjwlqOXBhBqEiwA-hhitJY_HiqAZCHioo-EMQaz8r_BUN6zLMS-WPTkncWrjChIsaLNTLEJPRoCmHgQAvD_BwE&amp;utm_campaign=ppc-ibb-mar-goo-de-de-dom_top-mix-se&amp;utm_medium=cpc&amp;utm_source=google&amp;utm_content=de-de-DE-V2379\">Ibis Budget Luebeck City Sued<\/a><\/td><td>\u20ac<\/td><td>One of the closest hotels to venue<\/td><td>12 min.<\/td><\/tr><tr><td><a href=\"https:\/\/hotel-excellent.de\/\">Hotel Excellent<\/a><\/td><td>\u20ac\u20ac-\u20ac\u20ac\u20ac<\/td><td>At the M\u00fchlenteich on Old Town Island, very good bus connection<\/td><td>13 min.<\/td><\/tr><tr><td><a href=\"http:\/\/hotel-zur-alten-stadtmauer.schleswigholstein.org\/de\/\">Hotel zur alten Stadtmauer<\/a><\/td><td>\u20ac\u20ac<\/td><td>In the Old Town, nice and calm<\/td><td>14 min.<\/td><\/tr><tr><td><a href=\"https:\/\/www.traveller-hotel.de\/\">Traveller Hotel<\/a><\/td><td>\u20ac<\/td><td>Good price-performance ratio<\/td><td>14 min.<\/td><\/tr><tr><td><a href=\"https:\/\/www.atlantic-hotels.de\/hotel-luebeck\/\">Atlantic Hotel L\u00fcbeck<\/a><\/td><td>\u20ac\u20ac\u20ac<\/td><td>Old Town Island, Highspeed-Wlan<\/td><td>17 min.<\/td><\/tr><tr><td><a href=\"https:\/\/www.motel-one.com\/de\/hotels\/luebeck\/hotel-luebeck\/?gclid=CjwKCAjwlqOXBhBqEiwA-hhitPxBwfeTpsnxfgeQmrQBpnbFa8xn6Bk98otgCTH5GWr1TX7Xz-hkIxoC9akQAvD_BwE\">Motel One L\u00fcbeck<\/a><\/td><td>\u20ac\u20ac<\/td><td>Absolutely centrally located, stylish<\/td><td>18 min.<\/td><\/tr><tr><td><a href=\"https:\/\/the.niu.de\/hotels\/deutschland\/luebeck\/the-niu-rig?gclid=CjwKCAjwlqOXBhBqEiwA-hhitAhwzf5Je4HFHTR1uBEREjwgetW6PM_lSZhsf6S5Y-g6hBTQ1vCYBhoCrPEQAvD_BwE\">the niu Rig<\/a><\/td><td>\u20ac\u20ac<\/td><td>Modern, trendy, close to railway station, which is 1.2 km from the center<\/td><td>18 min.<\/td><\/tr><tr><td><a href=\"https:\/\/www.h-hotels.com\/de\/hplus\/hotels\/hplus-hotel-luebeck?utm_source=yext&amp;utm_medium=listing\">H+ Hotel L\u00fcbeck<\/a><\/td><td>\u20ac\u20ac\u20ac<\/td><td>Near railway station, modern&nbsp;<\/td><td>19 min.<\/td><\/tr><tr><td><a href=\"https:\/\/all.accor.com\/hotel\/B740\/index.de.shtml?utm_campaign=seo+maps&amp;utm_medium=seo+maps&amp;utm_source=google+Maps\">Mercure Hotel L\u00fcbeck City Center<\/a><\/td><td>\u20ac\u20ac<\/td><td>Close to railway station, with soundproof rooms<\/td><td>19 min.<\/td><\/tr><tr><td><a href=\"https:\/\/www.hotel-am-dom.eu\/\">CVJM am Dom<\/a><\/td><td>\u20ac<\/td><td>Good price-perfomance ratio, calm<\/td><td>19 min.<\/td><\/tr><tr><td><a href=\"https:\/\/www.radissonhotels.com\/en-us\/hotels\/park-inn-luebeck?cid=a:se+b:gmb+c:emea+i:local+e:pii+d:cese+h:DELBC1\">Park Inn by Radisson<\/a><\/td><td>\u20ac\u20ac<\/td><td>Close to city center<\/td><td>23 min.<\/td><\/tr><tr><td><a href=\"https:\/\/www.radissonhotels.com\/en-us\/hotels\/radisson-blu-luebeck?cid=a:se+b:gmb+c:emea+i:local+e:rdb+d:cese+h:DELBCSEN\">Radisson Blue Senator Hotel<\/a><\/td><td>\u20ac\u20ac\u20ac<\/td><td>Located directly along the river Trave, close to city center<\/td><td>24 min.<\/td><\/tr><tr><td><a href=\"https:\/\/www.4jahreszeiten-luebeck.de\/?utm_source=mybusiness&amp;utm_medium=organic&amp;utm_campaign=mybusiness&amp;utm_content=website\">Hotel Vier Jahreszeiten L\u00fcbeck<\/a><\/td><td>\u20ac\u20ac<\/td><td>15 min. by bus to city center, roof restaurant with panoramic city view<\/td><td>27 min.<\/td><\/tr><tr><td><a href=\"https:\/\/www.ihg.com\/holidayinn\/hotels\/gb\/en\/lubeck\/lbcge\/hoteldetail?cm_mmc=GoogleMaps-_-HI-_-DE-_-LBCGE\">Holiday Inn<\/a><\/td><td>\u20ac\u20ac<\/td><td>15 min. on foot to city center, bus stop directly in front<\/td><td>27 min.<\/td><\/tr><tr><td><a href=\"https:\/\/www.hotelanno1216.de\/\">Hotel Anno 1216<\/a><\/td><td>\u20ac\u20ac\u20ac\u20ac<\/td><td>Exclusive, class listed monument<\/td><td>25 min.<\/td><\/tr><tr><td><a href=\"https:\/\/sites.google.com\/view\/fishers-loft-hotel\/\">Hotel Fisher\u2019s Loft<\/a><\/td><td>\u20ac\u20ac\u20ac\u20ac<\/td><td>Stylish, historical building, very central<\/td><td>26 min.<\/td><\/tr><\/tbody><\/table><\/figure>\n\n\n\n<div style=\"height:100px\" aria-hidden=\"true\" id=\"how-to-get-there\" class=\"wp-block-spacer\"><\/div>\n\n\n\n<h2 class=\"has-text-align-center wp-block-heading\">HOW TO GET THERE<\/h2>\n\n\n\n<hr class=\"wp-block-separator has-alpha-channel-opacity\"\/>\n\n\n\n<h3 class=\"has-text-align-center wp-block-heading\">To the Audimax, M\u00f6nkhofer Weg 245, 23562 L\u00fcbeck<\/h3>\n\n\n\n<div style=\"height:50px\" aria-hidden=\"true\" class=\"wp-block-spacer\"><\/div>\n\n\n\n<iframe src=\"https:\/\/www.google.com\/maps\/embed?pb=!1m14!1m8!1m3!1d18828.839000576983!2d10.6660736!3d53.8498913!3m2!1i1024!2i768!4f13.1!3m3!1m2!1s0x47b2091aeff4c137%3A0x1dd92e2731149bde!2sAudimax%20L%C3%BCbeck!5e0!3m2!1sde!2sde!4v1673613506566!5m2!1sde!2sde\" width=\"100%\" height=\"400\" style=\"border:0;\" allowfullscreen=\"yes\" loading=\"lazy\" referrerpolicy=\"no-referrer-when-downgrade\"><\/iframe>\n\n\n\n<p style=\"font-size:25px\"><strong>How to get a ticket<\/strong>:<\/p>\n\n\n\n<p>You can buy your ticket for a single ride or for a whole week directly in the bus at the driver. Cash and creditcards (except American Express and Diners Club) are accepted.<\/p>\n\n\n\n<p>You can also buy your ticket digital by using the App \u201eDB Navigator\u201c.<\/p>\n\n\n\n<p style=\"font-size:25px\"><strong>By bus from L\u00fcbeck Central Station \/ ZOB:<\/strong><\/p>\n\n\n\n<ul class=\"wp-block-list\">\n<li>After leaving the central station by the main entrance and crossing the street, you can reach the <strong>ZOB<\/strong> (central bus station) via a passage.<\/li>\n\n\n\n<li>Take bus N\u00b0 1, Direction &#8220;<strong>Hochschulstadtteil<\/strong>&#8221; (14 stops) or N\u00b0 32, Direction &#8220;<strong>Stephensonstra\u00dfe<\/strong>&#8221; (2 stops) and leave the bus at the stop &#8220;<strong>Stephensonstra\u00dfe<\/strong>&#8221; when you take the bus N\u00b0 1 or at the stop &#8220;<strong>Bessemer Stra\u00dfe &#8211; L\u00fcbeck<\/strong>&#8221; when you take the bus N\u00b0 32.<\/li>\n\n\n\n<li>When you get off the bus, go towards the south until you see the <strong>Audimax<\/strong> building in front of you, check the picture above.<\/li>\n<\/ul>\n\n\n\n<div style=\"height:50px\" aria-hidden=\"true\" class=\"wp-block-spacer\"><\/div>\n\n\n\n<hr class=\"wp-block-separator has-alpha-channel-opacity is-style-wide\"\/>\n\n\n\n<p>You can arrive in L\u00fcbeck by plane.<br>L\u00fcbeck has its own small airport, please check it out while booking your flight.<br>Alternatively the nearest airport to L\u00fcbeck is Hamburg.<\/p>\n\n\n\n<hr class=\"wp-block-separator has-alpha-channel-opacity is-style-wide\"\/>\n\n\n\n<div style=\"height:50px\" aria-hidden=\"true\" class=\"wp-block-spacer\"><\/div>\n\n\n\n<p style=\"font-size:25px\"><strong>By train from L\u00fcbeck Airport<\/strong>:<\/p>\n\n\n\n<ul class=\"wp-block-list\">\n<li>After leaving the airport through the main entrance, walk 450 metres along the street in the left direction to the railway station &#8220;L\u00fcbeck Flughafen(Bahn)&#8221;.<\/li>\n\n\n\n<li>Then take the RE83 train in the direction of &#8220;<strong>L\u00fcbeck Hbf<\/strong>&#8221; and leave the train at the station &#8220;L\u00fcbeck, Hochschulstadtteil&#8221;.<\/li>\n\n\n\n<li>When you leave the train, turn right in a north-westerly direction and follow the road to &#8220;<strong>Berliner Allee<\/strong>&#8221; and cross the road into &#8220;<strong>Maria-Goeppert-Stra\u00dfe<\/strong>&#8220;.<\/li>\n\n\n\n<li>Then take the fifth street on the right and then left on the <strong>&#8220;Max-Linde-Weg&#8221;<\/strong>.<\/li>\n\n\n\n<li>You will find the <strong>Audimax<\/strong> building on the right side, check the picture above.<\/li>\n<\/ul>\n\n\n\n<p style=\"font-size:25px\"><strong>By bus from L\u00fcbeck Airport<\/strong>:<\/p>\n\n\n\n<ul class=\"wp-block-list\">\n<li>After leaving the airport, through the main entrance, walk 200 metres in the right direction to the bus station &#8220;<strong>Flughafen (Bus) &#8211; L\u00fcbeck<\/strong>&#8220;.<\/li>\n\n\n\n<li>Take bus no. 6 in the direction of &#8220;<strong>Hamburger Stra\u00dfe<\/strong>&#8221; and get off at the station &#8220;<strong>Universit\u00e4tsstra\u00dfe<\/strong>&#8220;.<\/li>\n\n\n\n<li>When you get off, go right towards the northwest and turn onto the street &#8220;<strong>Universit\u00e4tsstra\u00dfe<\/strong>&#8220;.<\/li>\n\n\n\n<li>Turn the second Street left and then right.<\/li>\n\n\n\n<li>After that, turn left and then right. <\/li>\n\n\n\n<li>Follow the street until you see the <strong>Audimax<\/strong> Building on your left side.<\/li>\n<\/ul>\n\n\n\n<p style=\"font-size:25px\"><strong>By train from Hamburg Airport<\/strong>:<\/p>\n\n\n\n<ul class=\"wp-block-list\">\n<li>At the airport, go down to the S-Bahn station &#8220;<strong>Hamburg Airport (Flughafen)<\/strong>&#8221; and take the train S1 in the direction of &#8220;<strong>Wedel<\/strong>&#8220;.<\/li>\n\n\n\n<li>Get off at the station &#8220;<strong>Hamburg Hbf<\/strong>&#8221; (Hamburg Central Station).<\/li>\n\n\n\n<li>At the central station in Hamburg, take the train RE80 in the direction of &#8220;<strong>L\u00fcbeck Hbf<\/strong>&#8220;.<\/li>\n\n\n\n<li>Get off at the station &#8220;<strong>L\u00fcbeck, Hauptbahnhof<\/strong>&#8221; (L\u00fcbeck Central Station).<\/li>\n\n\n\n<li>After leaving the central station by the main entrance and crossing the street, you can reach the <strong>ZOB<\/strong> (central bus station) via a passage.<\/li>\n\n\n\n<li>Take bus N\u00b0 1, Direction &#8220;<strong>Hochschulstadtteil<\/strong>&#8221; (14 stops) or N\u00b0 32, Direction &#8220;<strong>Stephensonstra\u00dfe<\/strong>&#8221; (2 stops) and leave the bus at the stop &#8220;<strong>Stephensonstra\u00dfe<\/strong>&#8221; when you take the bus N\u00b0 1 or at the stop &#8220;<strong>Bessemer Stra\u00dfe &#8211; L\u00fcbeck<\/strong>&#8221; when you take the bus N\u00b0 32.<\/li>\n\n\n\n<li>When you get off the bus, go towards the south until you see the <strong>Audimax<\/strong> building in front of you, check the picture above.<\/li>\n<\/ul>\n\n\n\n<p style=\"font-size:25px\"><strong>By car<\/strong>:<\/p>\n\n\n\n<ul class=\"wp-block-list\">\n<li>We do NOT RECOMMEND traveling by car, as parking is an issue.<\/li>\n\n\n\n<li>If you still plan to come by car, use <strong>Maria-Goeppert-Stra\u00dfe 2, 23562 L\u00fcbeck<\/strong> as direction for your navigation system. <\/li>\n\n\n\n<li>There is a parking facility on your left and we have reserved some parking lots for the conference. Please send <a href=\"fm23@isp.uni-luebeck.de\">us<\/a> an email and we can provide parking codes on a first-come first-serve basis. <\/li>\n<\/ul>\n\n\n\n<div style=\"height:100px\" aria-hidden=\"true\" id=\"social-programm\" class=\"wp-block-spacer\"><\/div>\n\n\n\n<h2 class=\"has-text-align-center wp-block-heading\">SOCIAL PROGRAMM<\/h2>\n\n\n\n<hr class=\"wp-block-separator has-alpha-channel-opacity\"\/>\n\n\n\n<p>Find more about the format and social event location.<\/p>\n\n\n\n<p style=\"font-size:25px\"><strong>Welcome Reception<\/strong><\/p>\n\n\n\n<p>The Welcome Reception is taking place on Monday, March 6th, at 19:00 at the Rathaus L\u00fcbeck in the city center.<br>Admission starts at 18:45 at the main entrance facing Breite Str. After a warm welcome by our mayor Jan Lindenau, fingerfood will be served.<\/p>\n\n\n\n<p>Location:<br>Breite Str. 62, 23552 L\u00fcbeck<\/p>\n\n\n\n<iframe src=\"https:\/\/www.google.com\/maps\/embed?pb=!1m18!1m12!1m3!1d2352.6033512806575!2d10.683744215640884!3d53.86770084323272!2m3!1f0!2f0!3f0!3m2!1i1024!2i768!4f13.1!3m3!1m2!1s0x47b20959d3bcbae7%3A0xe91935e405215dc0!2sBreite%20Str.%2062%2C%2023552%20L%C3%BCbeck!5e0!3m2!1sde!2sde!4v1673813956503!5m2!1sde!2sde\" width=\"100%\" height=\"400\" style=\"border:0;\" allowfullscreen=\"\" loading=\"lazy\" referrerpolicy=\"no-referrer-when-downgrade\"><\/iframe>\n\n\n\n<p id=\"conference-dinner\" style=\"font-size:25px\"><strong>City Tour &amp; Conference Dinner<\/strong><\/p>\n\n\n\n<p>On Wednesday, March 8th, to foster our interaction, we provide a joint guided city tour by boat as well as social dinner. We meet at&nbsp;<strong>16:45<\/strong>&nbsp;at&nbsp;the Meeting Point&nbsp;for boarding. Our guided city tour by boat (in English) showing us the the beauty of L\u00fcbeck from a water perspective starts at&nbsp;<strong>17:00 sharp!<\/strong>. The boat trip lasts for about 1h with no stops.<\/p>\n\n\n\n<p>Our boat trip ends at the historical port building &#8220;Schuppen 9&#8221; where we will have our Conference Dinner. In case you prefer to skip the boat trip note that the Conference Dinner is expected to start at&nbsp;<strong>18:30<\/strong>.<br>The Conference Dinner is planned to end latest at&nbsp;<strong>23:00<\/strong>.<\/p>\n\n\n\n<p>Meeting Point Boat tour:<br>Anleger MuK Busparkplatz, Quandt Line<br>close to Willy-Brandt-Allee 13<br>23554 L\u00fcbeck<\/p>\n\n\n\n<iframe src=\"https:\/\/www.google.com\/maps\/embed?pb=!1m18!1m12!1m3!1d349.6994754109444!2d10.678753054530311!3d53.869746792109076!2m3!1f0!2f0!3f0!3m2!1i1024!2i768!4f13.1!3m3!1m2!1s0x47b20955f77c2919%3A0x9d2657b389dcf62a!2sQuandt-Linie-L%C3%BCbeck%20B%C3%BCro%2FMuK%2FBusparkplatz!5e0!3m2!1sde!2sde!4v1678090435230!5m2!1sde!2sde\" width=\"100%\" height=\"400\" style=\"border:0;\" allowfullscreen=\"\" loading=\"lazy\" referrerpolicy=\"no-referrer-when-downgrade\"><\/iframe>\n\n\n\n<figure class=\"wp-block-image size-full is-resized\"><img loading=\"lazy\" decoding=\"async\" src=\"https:\/\/fm2023.isp.uni-luebeck.de\/wp-content\/uploads\/2023\/03\/Unbenannt.png\" alt=\"\" class=\"wp-image-1149\" width=\"840\" height=\"558\"\/><\/figure>\n\n\n\n<p>Conference Dinner Location:<br>Schuppen 9,<br>An d. Untertrave 1A, 23552 L\u00fcbeck<\/p>\n\n\n\n<iframe src=\"https:\/\/www.google.com\/maps\/embed?pb=!1m18!1m12!1m3!1d2352.214715896698!2d10.687471015641176!3d53.874610642711694!2m3!1f0!2f0!3f0!3m2!1i1024!2i768!4f13.1!3m3!1m2!1s0x47b20be340e52723%3A0xd7f35ecf9d1bbb75!2sSchuppen%209%20Gro%C3%9Fer%20Saal!5e0!3m2!1sde!2sde!4v1673814118131!5m2!1sde!2sde\" width=\"100%\" height=\"400\" style=\"border:0;\" allowfullscreen=\"\" loading=\"lazy\" referrerpolicy=\"no-referrer-when-downgrade\"><\/iframe>\n\n\n\n<div style=\"height:100px\" aria-hidden=\"true\" class=\"wp-block-spacer\"><\/div>\n","protected":false},"excerpt":{"rendered":"<p>The registration for FM23 is now open and can be performed&nbsp;here. Please check the following table to identify your preferred package before consulting the registration page. Note that FM23 organizers also grant scholarships for (doctoral) students and young researchers to support their participation at the FM Conference in L\u00fcbeck. REGISTRATION FEES Note that the single &hellip; <\/p>\n<p class=\"link-more\"><a href=\"https:\/\/fm2023.isp.uni-luebeck.de\/index.php\/registration\/\" class=\"more-link\">Read more<span class=\"screen-reader-text\"> &#8220;Registration&#8221;<\/span><\/a><\/p>\n","protected":false},"author":1,"featured_media":0,"parent":0,"menu_order":0,"comment_status":"closed","ping_status":"closed","template":"","meta":{"footnotes":""},"class_list":["post-77","page","type-page","status-publish","hentry"],"_links":{"self":[{"href":"https:\/\/fm2023.isp.uni-luebeck.de\/index.php\/wp-json\/wp\/v2\/pages\/77","targetHints":{"allow":["GET"]}}],"collection":[{"href":"https:\/\/fm2023.isp.uni-luebeck.de\/index.php\/wp-json\/wp\/v2\/pages"}],"about":[{"href":"https:\/\/fm2023.isp.uni-luebeck.de\/index.php\/wp-json\/wp\/v2\/types\/page"}],"author":[{"embeddable":true,"href":"https:\/\/fm2023.isp.uni-luebeck.de\/index.php\/wp-json\/wp\/v2\/users\/1"}],"replies":[{"embeddable":true,"href":"https:\/\/fm2023.isp.uni-luebeck.de\/index.php\/wp-json\/wp\/v2\/comments?post=77"}],"version-history":[{"count":74,"href":"https:\/\/fm2023.isp.uni-luebeck.de\/index.php\/wp-json\/wp\/v2\/pages\/77\/revisions"}],"predecessor-version":[{"id":1192,"href":"https:\/\/fm2023.isp.uni-luebeck.de\/index.php\/wp-json\/wp\/v2\/pages\/77\/revisions\/1192"}],"wp:attachment":[{"href":"https:\/\/fm2023.isp.uni-luebeck.de\/index.php\/wp-json\/wp\/v2\/media?parent=77"}],"curies":[{"name":"wp","href":"https:\/\/api.w.org\/{rel}","templated":true}]}}