{"id":87,"date":"2022-03-11T13:04:43","date_gmt":"2022-03-11T12:04:43","guid":{"rendered":"https:\/\/fm2023.isp.uni-luebeck.de\/wordpress\/?page_id=87"},"modified":"2023-01-14T17:11:18","modified_gmt":"2023-01-14T16:11:18","slug":"committees","status":"publish","type":"page","link":"https:\/\/fm2023.isp.uni-luebeck.de\/index.php\/committees\/","title":{"rendered":"Committees"},"content":{"rendered":"\n<div style=\"height:100px\" aria-hidden=\"true\" id=\"program-committee\" class=\"wp-block-spacer\"><\/div>\n\n\n\n<h2 class=\"wp-block-heading\">Program Committee<\/h2>\n\n\n\n<figure class=\"wp-block-table is-style-stripes\"><table><tbody><tr><td><strong>Member(s)<\/strong><\/td><td><strong>Affiliation<\/strong><\/td><td><\/td><\/tr><tr><td><a href=\"https:\/\/www.doc.ic.ac.uk\/~da04\/\" data-type=\"URL\" data-id=\"https:\/\/www.doc.ic.ac.uk\/~da04\/\">Dalal Alrajeh<\/a><\/td><td>Imperial College, UK<\/td><td><\/td><\/tr><tr><td><a href=\"https:\/\/www.di.uminho.pt\/~lsb\/\" data-type=\"URL\" data-id=\"https:\/\/www.di.uminho.pt\/~lsb\/\">Luis Soares Barbosa<\/a><\/td><td>University of Minho, PT<\/td><td><\/td><\/tr><tr><td><a href=\"https:\/\/informatics.tuwien.ac.at\/people\/ezio-bartocci\" data-type=\"URL\" data-id=\"https:\/\/informatics.tuwien.ac.at\/people\/ezio-bartocci\">Ezio Bartocci<\/a><\/td><td>TU Vienna, AT<\/td><td><\/td><\/tr><tr><td><a href=\"https:\/\/www.microsoft.com\/en-us\/research\/people\/nbjorner\/\" data-type=\"URL\" data-id=\"https:\/\/www.microsoft.com\/en-us\/research\/people\/nbjorner\/\">Nikolaj Bj\u00f8rner<\/a><\/td><td>Microsoft, US<\/td><td><\/td><\/tr><tr><td><a href=\"https:\/\/people.irisa.fr\/Sandrine.Blazy\/\" data-type=\"URL\" data-id=\"https:\/\/people.irisa.fr\/Sandrine.Blazy\/\">Sandrine Blazy<\/a><\/td><td>University of Rennes, FR<\/td><td><\/td><\/tr><tr><td><a href=\"http:\/\/www.cse.msu.edu\/~borzoo\/\" data-type=\"URL\" data-id=\"http:\/\/www.cse.msu.edu\/~borzoo\/\">Borzoo Bonakdarpour<\/a><\/td><td>Michigan State University, US<\/td><td><\/td><\/tr><tr><td><a href=\"https:\/\/pablofcastro.github.io\/\" data-type=\"URL\" data-id=\"https:\/\/pablofcastro.github.io\/\">Pablo Castro<\/a><\/td><td>University of Rio Cuarto, AR<\/td><td><\/td><\/tr><tr><td><a href=\"https:\/\/www-users.cs.york.ac.uk\/~alcc\/\" data-type=\"URL\" data-id=\"https:\/\/www-users.cs.york.ac.uk\/~alcc\/\">Ana Cavalcanti<\/a><\/td><td>University of York, UK<\/td><td><\/td><\/tr><tr><td><a href=\"https:\/\/www.fit.vut.cz\/person\/ceskam\/.en\" data-type=\"URL\" data-id=\"https:\/\/www.fit.vut.cz\/person\/ceskam\/.en\">Milan \u010ceska<\/a><\/td><td>Brno University of Technology, CZ<\/td><td><\/td><\/tr><tr><td><a href=\"http:\/\/www.cs.toronto.edu\/~chechik\/\" data-type=\"URL\" data-id=\"http:\/\/www.cs.toronto.edu\/~chechik\/\">Marsha Chechik<\/a> (Co-Chair)<\/td><td>University of Toronto, CA<\/td><td><\/td><\/tr><tr><td><a href=\"https:\/\/cs.uwaterloo.ca\/~nday\/\" data-type=\"URL\" data-id=\"https:\/\/cs.uwaterloo.ca\/~nday\/\">Nancy Day<\/a><\/td><td>University of Waterloo, CA<\/td><td><\/td><\/tr><tr><td><a href=\"https:\/\/bfischer.pages.cs.sun.ac.za\/\" data-type=\"URL\" data-id=\"https:\/\/bfischer.pages.cs.sun.ac.za\/\">Bernd Fischer<\/a><\/td><td>Stellenbosch University, ZA<\/td><td><\/td><\/tr><tr><td><a href=\"https:\/\/uwaterloo.ca\/electrical-computer-engineering\/profile\/agurfink\" data-type=\"URL\" data-id=\"https:\/\/uwaterloo.ca\/electrical-computer-engineering\/profile\/agurfink\">Arie Gurfinkel<\/a><\/td><td>University of Waterloo, CA<\/td><td><\/td><\/tr><tr><td><a href=\"https:\/\/www.informatik.tu-darmstadt.de\/se\/gruppenmitglieder\/groupmembers_detailseite_30784.de.jsp\" data-type=\"URL\" data-id=\"https:\/\/www.informatik.tu-darmstadt.de\/se\/gruppenmitglieder\/groupmembers_detailseite_30784.de.jsp\">Reiner H\u00e4hnle<\/a><\/td><td>TU Darmstadt, DE<\/td><td><\/td><\/tr><tr><td><a href=\"https:\/\/group-mmm.org\/~ichiro\/\" data-type=\"URL\" data-id=\"https:\/\/group-mmm.org\/~ichiro\/\">Ichiro Hasuo<\/a><\/td><td>National Institute of Informatics, JP<\/td><td><\/td><\/tr><tr><td><a href=\"https:\/\/researchportal.helsinki.fi\/en\/persons\/keijo-tapio-heljanko\" data-type=\"URL\" data-id=\"https:\/\/researchportal.helsinki.fi\/en\/persons\/keijo-tapio-heljanko\">Keijo Heljanko<\/a><\/td><td>University of Helsinki, FI<\/td><td><\/td><\/tr><tr><td><a href=\"https:\/\/depend.cs.uni-saarland.de\/~hermanns\/\" data-type=\"URL\" data-id=\"https:\/\/depend.cs.uni-saarland.de\/~hermanns\/\">Holger Hermanns<\/a><\/td><td>Saarland University, DE<\/td><td><\/td><\/tr><tr><td><a href=\"https:\/\/cecs.anu.edu.au\/people\/peter-hoefner\" data-type=\"URL\" data-id=\"https:\/\/cecs.anu.edu.au\/people\/peter-hoefner\">Peter H\u00f6fner<\/a><\/td><td>Australian National University, AU<\/td><td><\/td><\/tr><tr><td><a href=\"https:\/\/wwwhome.ewi.utwente.nl\/~marieke\/\" data-type=\"URL\" data-id=\"https:\/\/wwwhome.ewi.utwente.nl\/~marieke\/\">Marieke Huisman<\/a><\/td><td>University of Twente, NL<\/td><td><\/td><\/tr><tr><td><a href=\"https:\/\/www.um.edu.mt\/profile\/adrianfrancalanza\" data-type=\"URL\" data-id=\"https:\/\/www.um.edu.mt\/profile\/adrianfrancalanza\">Adrian Francalanza<\/a><\/td><td>University of Malta, MT<\/td><td><\/td><\/tr><tr><td><a href=\"https:\/\/ebjohnsen.org\/\" data-type=\"URL\" data-id=\"https:\/\/ebjohnsen.org\/\">Einar Broch Johnsen<\/a><\/td><td>University of Oslo, NO<\/td><td><\/td><\/tr><tr><td><a href=\"https:\/\/sjunges.github.io\/\">Sebastian Junges<\/a><\/td><td>Radboud University, NL<\/td><td><\/td><\/tr><tr><td><a href=\"https:\/\/moves.rwth-aachen.de\/people\/katoen\/\" data-type=\"URL\" data-id=\"https:\/\/moves.rwth-aachen.de\/people\/katoen\/\">Joost-Pieter Katoen<\/a> (Co-Chair)<\/td><td>RWTH Aachen University, DE<\/td><td><\/td><\/tr><tr><td><a href=\"https:\/\/www.isp.uni-luebeck.de\/leucker\" data-type=\"URL\" data-id=\"https:\/\/www.isp.uni-luebeck.de\/leucker\">Martin Leucker<\/a><\/td><td>University of L\u00fcbeck, DE<\/td><td><\/td><\/tr><tr><td><a href=\"https:\/\/personal.ntu.edu.sg\/yi_li\/\" data-type=\"URL\" data-id=\"https:\/\/personal.ntu.edu.sg\/yi_li\/\">Yi Li<\/a><\/td><td>Nanyang Technological University, SG<\/td><td><\/td><\/tr><tr><td><a href=\"https:\/\/malei.xyz\/\" data-type=\"URL\" data-id=\"https:\/\/malei.xyz\/\">Lei Ma<\/a><\/td><td>University of Alberta, CA<\/td><td><\/td><\/tr><tr><td><a href=\"http:\/\/www1.isti.cnr.it\/~Massink\/\" data-type=\"URL\" data-id=\"http:\/\/www1.isti.cnr.it\/~Massink\/\">Mieke Massink<\/a><\/td><td>CNR-ISTI, IT<\/td><td><\/td><\/tr><tr><td><a href=\"https:\/\/cmath.eu\/\" data-type=\"URL\" data-id=\"https:\/\/cmath.eu\/\">Christoph Matheja<\/a><\/td><td>Techiuncal University of Denmark, DK<\/td><td><\/td><\/tr><tr><td><a href=\"https:\/\/researchers.mq.edu.au\/en\/persons\/annabelle-mciver\" data-type=\"URL\" data-id=\"https:\/\/researchers.mq.edu.au\/en\/persons\/annabelle-mciver\">Annabelle McIver<\/a><\/td><td>Macquarie University, AU<\/td><td><\/td><\/tr><tr><td><a href=\"https:\/\/claudiomenghi.github.io\/\" data-type=\"URL\" data-id=\"https:\/\/claudiomenghi.github.io\/\">Claudio Menghi<\/a><\/td><td>McMaster University, CA<\/td><td><\/td><\/tr><tr><td><a href=\"http:\/\/www.informatik.uni-bremen.de\/agbs\/jp\/\" data-type=\"URL\" data-id=\"http:\/\/www.informatik.uni-bremen.de\/agbs\/jp\/\">Jan Peleska<\/a><\/td><td>University of Bremen, DE<\/td><td><\/td><\/tr><tr><td><a href=\"https:\/\/csd.cmu.edu\/people\/faculty\/andre-platzer\" data-type=\"URL\" data-id=\"https:\/\/csd.cmu.edu\/people\/faculty\/andre-platzer\">Andre Platzer<\/a><\/td><td>Carnegie Mellon University, USA<\/td><td><\/td><\/tr><tr><td><a href=\"https:\/\/de.linkedin.com\/in\/ringert?original_referer=https%3A%2F%2Fwww.google.com%2F\" data-type=\"URL\" data-id=\"https:\/\/de.linkedin.com\/in\/ringert?original_referer=https%3A%2F%2Fwww.google.com%2F\">Jan-Oliver Ringert<\/a><\/td><td>Bauhaus University Weimar, DE<\/td><td><\/td><\/tr><tr><td><a href=\"https:\/\/www.rayb.info\/\" data-type=\"URL\" data-id=\"https:\/\/www.rayb.info\/\">Baishakhi Ray<\/a><\/td><td>Columbia University, US<\/td><td><\/td><\/tr><tr><td><a href=\"http:\/\/www.es.mdh.se\/staff\/173-Cristina_Seceleanu\" data-type=\"URL\" data-id=\"http:\/\/www.es.mdh.se\/staff\/173-Cristina_Seceleanu\">Christina Seceleanu<\/a><\/td><td>Malardalen University, SE<\/td><td><\/td><\/tr><tr><td><a href=\"http:\/\/www.es.mdh.se\/staff\/3242-Marjan_Sirjani\" data-type=\"URL\" data-id=\"http:\/\/www.es.mdh.se\/staff\/3242-Marjan_Sirjani\">Marjan Sirjani<\/a><\/td><td>Malardalen University, SE<\/td><td><\/td><\/tr><tr><td><a href=\"https:\/\/facultyweb.kennesaw.edu\/pspoleti\/index.php\" data-type=\"URL\" data-id=\"https:\/\/facultyweb.kennesaw.edu\/pspoleti\/index.php\">Paola Spoletini<\/a><\/td><td>Kennesaw State University, US<\/td><td><\/td><\/tr><tr><td><a href=\"https:\/\/faculty.smu.edu.sg\/profile\/sun-jun-561\" data-type=\"URL\" data-id=\"https:\/\/faculty.smu.edu.sg\/profile\/sun-jun-561\">Jun Sun<\/a><\/td><td>Singapore Management University, SMG<\/td><td><\/td><\/tr><tr><td><a href=\"https:\/\/www.gssi.it\/people\/professors\/lectures-computer-science\/item\/6408-tuosto-emilio\" data-type=\"URL\" data-id=\"https:\/\/www.gssi.it\/people\/professors\/lectures-computer-science\/item\/6408-tuosto-emilio\">Emilio Tuosto<\/a><\/td><td>Gran Sasso Science Institute, IT<\/td><td><\/td><\/tr><tr><td><a href=\"https:\/\/people.utwente.nl\/m.volk\" data-type=\"URL\" data-id=\"https:\/\/people.utwente.nl\/m.volk\">Matthias Volk<\/a><\/td><td>University of Twente (AE Chair), NL<\/td><td><\/td><\/tr><tr><td><a href=\"https:\/\/ca.linkedin.com\/in\/o-w-56007331\" data-type=\"URL\" data-id=\"https:\/\/ca.linkedin.com\/in\/o-w-56007331\">Ou Wei<\/a><\/td><td>Thales, CA<\/td><td><\/td><\/tr><tr><td><a href=\"https:\/\/www.linkedin.com\/in\/emdubya\" data-type=\"URL\" data-id=\"https:\/\/www.linkedin.com\/in\/emdubya\">Mike Whalen<\/a><\/td><td>Amazon Web Services, US<\/td><td><\/td><\/tr><tr><td><a href=\"https:\/\/quantum-lab.org\/mingsheng\/\" data-type=\"URL\" data-id=\"https:\/\/quantum-lab.org\/mingsheng\/\">Mingsheng Ying<\/a><\/td><td>University of Technology Sydney, AU<\/td><td><\/td><\/tr><tr><td><a href=\"https:\/\/lcs.ios.ac.cn\/~znj\/\" data-type=\"URL\" data-id=\"https:\/\/lcs.ios.ac.cn\/~znj\/\">Naijun Zhan<\/a><\/td><td>Chinese Academy of Sciences, CN<\/td><td><\/td><\/tr><\/tbody><\/table><\/figure>\n\n\n\n<div style=\"height:100px\" aria-hidden=\"true\" id=\"organizing-committee\" class=\"wp-block-spacer\"><\/div>\n\n\n\n<h2 class=\"wp-block-heading\">Organizing Committee<\/h2>\n\n\n\n<figure class=\"wp-block-table is-style-stripes\"><table><tbody><tr><td><strong>Role<\/strong><\/td><td><strong>Member(s)<\/strong><\/td><td><\/td><\/tr><tr><td>General Chair<\/td><td><a href=\"https:\/\/www.isp.uni-luebeck.de\/leucker\">Martin Leucker<\/a><br><\/td><td><\/td><\/tr><tr><td>PC Chair<\/td><td><a href=\"https:\/\/www-i2.informatik.rwth-aachen.de\/~katoen\/\">Joost-Pieter Katoen<\/a><br><a href=\"http:\/\/www.cs.toronto.edu\/~chechik\/\">Marsha Chechik<\/a><\/td><td><\/td><\/tr><tr><td>AE Chair<\/td><td><a href=\"https:\/\/people.utwente.nl\/m.volk\">Matthias Volk<\/a><\/td><td><\/td><\/tr><tr><td>Workshop Chairs<\/td><td><a href=\"https:\/\/www.its.uni-luebeck.de\/mitarbeiterinnen\/esfandiar-mohammadi.html\">Esfandiar Mohammadi<\/a><br><a href=\"https:\/\/ict.hvl.no\/people\/volker-stolz\/\">Volker Stolz<\/a><\/td><td><\/td><\/tr><tr><td>Tutorial Chairs<\/td><td><a href=\"https:\/\/www.isp.uni-luebeck.de\/ckeditor\/m-sachenbacher\">Martin Sachenbacher<\/a><br><a href=\"https:\/\/software.imdea.org\/people\/cesar.sanchez\/\">Cesar Sanchez<\/a><\/td><td><\/td><\/tr><tr><td>Publicity Chairs<\/td><td><a href=\"https:\/\/www.hvl.no\/en\/employee\/?user=Ka.I.Pun\">Violet Ka I Pun<\/a><\/td><td><\/td><\/tr><tr><td>Exhibition Chairs<\/td><td><a href=\"https:\/\/de.linkedin.com\/in\/tim-suthau-430463164?trk=public_profile_browsemap_mini-profile_title\">Tim Suthau<\/a><br><a href=\"https:\/\/ebjohnsen.org\/\">Einar Broch Johnsen<\/a><br><a href=\"https:\/\/wwwhome.ewi.utwente.nl\/~marieke\/\">Marieke Huisman<\/a><\/td><td><\/td><\/tr><tr><td>Industry Day Chairs<\/td><td><a href=\"https:\/\/de.linkedin.com\/in\/tim-suthau-430463164?trk=public_profile_browsemap_mini-profile_title\">Tim Suthau<\/a><br><a href=\"https:\/\/logilica.com\/about-us\/#ralf-huuck\">Ralf Huuck<\/a><br><a href=\"https:\/\/cs.illinois.edu\/about\/people\/faculty\/grosu\">Grigore Rosu<\/a><\/td><td><a href=\"https:\/\/accemic.com\">Alexander Weiss<\/a><br><a href=\"https:\/\/www.linkedin.com\/in\/oksanatkachuk\">Oksana Tkachuk <\/a><br><a href=\"https:\/\/www.chihhongcheng.info\/\">Chih-Hong Cheng<\/a><\/td><\/tr><tr><td>Financial Chairs<\/td><td><a href=\"https:\/\/de.linkedin.com\/in\/maria-ostanina-423036183\">Maria Ostanina<\/a><\/td><td><\/td><\/tr><tr><td>Local Organization Chairs<\/td><td><a href=\"https:\/\/de.linkedin.com\/in\/martin-mildner-4964a117b\">Martin Mildner<\/a><\/td><td><\/td><\/tr><tr><td>Doctoral Symposium<\/td><td><a href=\"https:\/\/www.ifis.uni-luebeck.de\/index.php?id=moeller\">Ralf M\u00f6ller<\/a><br><a href=\"http:\/\/www.cse.chalmers.se\/~ahrendt\/\">Wolfgang Ahrendt<\/a><\/td><td><\/td><\/tr><tr><td>FM meets AI Track Chair<\/td><td><a href=\"https:\/\/www.ifis.uni-luebeck.de\/index.php?id=oezcep\">\u00d6zg\u00fcr \u00d6zcep<\/a><br><a href=\"https:\/\/www.benedikt-bollig.org\/\">Benedikt Bollig<\/a><br><a href=\"https:\/\/people.mpi-sws.org\/~neider\/\">Daniel Neider<\/a> <\/td><td><\/td><\/tr><tr><td>Journal First Committee<\/td><td><a href=\"http:\/\/fmt.isti.cnr.it\/~mtbeek\/\">Maurice ter Beek<\/a><br><a href=\"https:\/\/www.dmu.ac.uk\/about-dmu\/academic-staff\/technology\/eerke-boiten\/eerke-boiten.aspx\">Eerke Boiten<\/a><br><a href=\"https:\/\/www.professoren.tum.de\/broy-manfred\">Manfred Broy<\/a><br><a href=\"http:\/\/homepages.cs.ncl.ac.uk\/cliff.jones\/\">Cliff Jones<\/a><\/td><td><\/td><\/tr><\/tbody><\/table><\/figure>\n\n\n\n<div style=\"height:100px\" aria-hidden=\"true\" id=\"steering-committee\" class=\"wp-block-spacer\"><\/div>\n\n\n\n<h2 class=\"wp-block-heading\"><strong>Steering Committee<\/strong><\/h2>\n\n\n\n<figure class=\"wp-block-table is-style-stripes\"><table><tbody><tr><td><strong>Role<\/strong><\/td><td><strong>Member<\/strong><\/td><\/tr><tr><td>Chair<\/td><td><a href=\"http:\/\/www-users.cs.york.ac.uk\/~alcc\/\"><u>Ana Cavalcanti<\/u><\/a><\/td><\/tr><tr><td>Treasurer<\/td><td><a href=\"https:\/\/www.linkedin.com\/in\/nicoplat\/\"><u>Nico Plat<\/u><\/a><\/td><\/tr><tr><td>Secretary<\/td><td><a href=\"http:\/\/www.it.uu.se\/katalog\/lhe\"><u><\/u><\/a><u><a href=\"http:\/\/www.it.uu.se\/katalog\/lhe\"><u>Lars-Henrik Eriksson<\/u><\/a><\/u><\/td><\/tr><tr><td>Conferences<\/td><td><a href=\"https:\/\/fmt.isti.cnr.it\/~mtbeek\/\" data-type=\"URL\" data-id=\"https:\/\/fmt.isti.cnr.it\/~mtbeek\/\">Maurice ter Beek<\/a><\/td><\/tr><tr><td>Communication<\/td><td><a href=\"http:\/\/ebjohnsen.org\/\"><u>Einar Broch Johnsen<\/u><\/a><\/td><\/tr><\/tbody><\/table><\/figure>\n","protected":false},"excerpt":{"rendered":"<p>Program Committee Member(s) Affiliation Dalal Alrajeh Imperial College, UK Luis Soares Barbosa University of Minho, PT Ezio Bartocci TU Vienna, AT Nikolaj Bj\u00f8rner Microsoft, US Sandrine Blazy University of Rennes, FR Borzoo Bonakdarpour Michigan State University, US Pablo Castro University of Rio Cuarto, AR Ana Cavalcanti University of York, UK Milan \u010ceska Brno University of &hellip; <\/p>\n<p class=\"link-more\"><a href=\"https:\/\/fm2023.isp.uni-luebeck.de\/index.php\/committees\/\" class=\"more-link\">Read more<span class=\"screen-reader-text\"> &#8220;Committees&#8221;<\/span><\/a><\/p>\n","protected":false},"author":1,"featured_media":0,"parent":0,"menu_order":0,"comment_status":"closed","ping_status":"closed","template":"","meta":{"footnotes":""},"class_list":["post-87","page","type-page","status-publish","hentry"],"_links":{"self":[{"href":"https:\/\/fm2023.isp.uni-luebeck.de\/index.php\/wp-json\/wp\/v2\/pages\/87","targetHints":{"allow":["GET"]}}],"collection":[{"href":"https:\/\/fm2023.isp.uni-luebeck.de\/index.php\/wp-json\/wp\/v2\/pages"}],"about":[{"href":"https:\/\/fm2023.isp.uni-luebeck.de\/index.php\/wp-json\/wp\/v2\/types\/page"}],"author":[{"embeddable":true,"href":"https:\/\/fm2023.isp.uni-luebeck.de\/index.php\/wp-json\/wp\/v2\/users\/1"}],"replies":[{"embeddable":true,"href":"https:\/\/fm2023.isp.uni-luebeck.de\/index.php\/wp-json\/wp\/v2\/comments?post=87"}],"version-history":[{"count":33,"href":"https:\/\/fm2023.isp.uni-luebeck.de\/index.php\/wp-json\/wp\/v2\/pages\/87\/revisions"}],"predecessor-version":[{"id":956,"href":"https:\/\/fm2023.isp.uni-luebeck.de\/index.php\/wp-json\/wp\/v2\/pages\/87\/revisions\/956"}],"wp:attachment":[{"href":"https:\/\/fm2023.isp.uni-luebeck.de\/index.php\/wp-json\/wp\/v2\/media?parent=87"}],"curies":[{"name":"wp","href":"https:\/\/api.w.org\/{rel}","templated":true}]}}